{"id":489,"date":"2016-05-06T21:23:46","date_gmt":"2016-05-06T19:23:46","guid":{"rendered":"http:\/\/bunker-datteln.de\/?page_id=489"},"modified":"2017-02-27T20:25:19","modified_gmt":"2017-02-27T20:25:19","slug":"vorwort-zum-bunker","status":"publish","type":"page","link":"https:\/\/bunker-datteln.de\/?page_id=489","title":{"rendered":"Vorwort zur Geschichte des Bunkers"},"content":{"rendered":"<p>Am 10.10.1940 erlie\u00df Adolf Hitler das \u201eF\u00fchrer-Sofortprogramm\u201c als Grundlage f\u00fcr ein gigantisches Bauprojekt zum Schutz der deutschen Bev\u00f6lkerung vor alliierten Luftangriffen. Dieses Unternehmen gilt bis heute als das gr\u00f6\u00dfte zweckgebundene Bauprogramm der Menschheitsgeschichte.<\/p>\n<p>In drei so genannten \u201eWellen\u201c wurden in k\u00fcrzester Zeit in fast allen St\u00e4dten des Reiches Luftschutzbunker, &#8211; Keller und \u2013 Stollen errichtet, so auch massenhaft gerade im Ruhrgebiet als einer der bev\u00f6lkerungsreichsten Regionen.<\/p>\n<p>Datteln erlebte 1068 Mal w\u00e4hrend des Krieges Luftalarm, der die Einwohner zwang, in einem der zahlreichen Luftschutzbunker der Stadt und der Umgebung Zuflucht zu suchen, um das nackte Leben zu retten. (<em><u>Quelle:<\/u><\/em> <span style=\"color: #000000;\"><a style=\"color: #000000;\" href=\"http:\/\/www.comenius-gymnasium-datteln.de\/das-cgd\/\"><em><u>Comenius-Gymnasium Datteln<\/u><\/em><\/a><\/span><em><u>)<\/u><\/em><\/p>\n<figure id=\"attachment_669\" aria-describedby=\"caption-attachment-669\" style=\"width: 790px\" class=\"wp-caption aligncenter\"><a href=\"https:\/\/bunker-datteln.de\/wp-content\/uploads\/2017\/02\/lage-des-bunkers.jpg\" rel=\"wpdevart_lightbox\"><img loading=\"lazy\" decoding=\"async\" class=\"size-full wp-image-669\" src=\"https:\/\/bunker-datteln.de\/wp-content\/uploads\/2017\/02\/lage-des-bunkers.jpg\" alt=\"Bunkermuseum Datteln\" width=\"790\" height=\"552\" srcset=\"https:\/\/bunker-datteln.de\/wp-content\/uploads\/2017\/02\/lage-des-bunkers.jpg 790w, https:\/\/bunker-datteln.de\/wp-content\/uploads\/2017\/02\/lage-des-bunkers-300x210.jpg 300w, https:\/\/bunker-datteln.de\/wp-content\/uploads\/2017\/02\/lage-des-bunkers-768x537.jpg 768w\" sizes=\"auto, (max-width: 790px) 100vw, 790px\" \/><\/a><figcaption id=\"caption-attachment-669\" class=\"wp-caption-text\">Lage des Tiefbunkers an der Heibeckstrasse<\/figcaption><\/figure>\n<p>Der Luftschutzbunker an der Heibeckstrasse, einer von mehreren Tief und Hochbunkern in Datteln, wurde etwa 1943 von Arbeitern der Zeche Emscher-Lippe und Kriegsgefangenen f\u00fcr die Dattelner Bev\u00f6lkerung erbaut.<\/p>\n<figure id=\"attachment_663\" aria-describedby=\"caption-attachment-663\" style=\"width: 827px\" class=\"wp-caption aligncenter\"><a href=\"https:\/\/bunker-datteln.de\/wp-content\/uploads\/2017\/02\/003b.jpg\" rel=\"wpdevart_lightbox\"><img loading=\"lazy\" decoding=\"async\" class=\"size-full wp-image-663\" src=\"https:\/\/bunker-datteln.de\/wp-content\/uploads\/2017\/02\/003b.jpg\" alt=\"Bunkermuseum Datteln\" width=\"827\" height=\"522\" srcset=\"https:\/\/bunker-datteln.de\/wp-content\/uploads\/2017\/02\/003b.jpg 827w, https:\/\/bunker-datteln.de\/wp-content\/uploads\/2017\/02\/003b-300x189.jpg 300w, https:\/\/bunker-datteln.de\/wp-content\/uploads\/2017\/02\/003b-768x485.jpg 768w\" sizes=\"auto, (max-width: 827px) 100vw, 827px\" \/><\/a><figcaption id=\"caption-attachment-663\" class=\"wp-caption-text\">Bau der Tiefbunker an der Herdick und Heibeckstrasse etwa 1943<\/figcaption><\/figure>\n<figure id=\"attachment_661\" aria-describedby=\"caption-attachment-661\" style=\"width: 853px\" class=\"wp-caption aligncenter\"><a href=\"https:\/\/bunker-datteln.de\/wp-content\/uploads\/2017\/02\/001b.jpg\" rel=\"wpdevart_lightbox\"><img loading=\"lazy\" decoding=\"async\" class=\"size-full wp-image-661\" src=\"https:\/\/bunker-datteln.de\/wp-content\/uploads\/2017\/02\/001b.jpg\" alt=\"Bunkermuseum Datteln\" width=\"853\" height=\"515\" srcset=\"https:\/\/bunker-datteln.de\/wp-content\/uploads\/2017\/02\/001b.jpg 853w, https:\/\/bunker-datteln.de\/wp-content\/uploads\/2017\/02\/001b-300x181.jpg 300w, https:\/\/bunker-datteln.de\/wp-content\/uploads\/2017\/02\/001b-768x464.jpg 768w\" sizes=\"auto, (max-width: 853px) 100vw, 853px\" \/><\/a><figcaption id=\"caption-attachment-661\" class=\"wp-caption-text\">Bau der Tiefbunker an der Herdick und Heibeckstrasse etwa 1943<\/figcaption><\/figure>\n<h3>Den P\u00fctt haben wir gerettet.<\/h3>\n<p>Ab 1943 sind wir hier, in Datteln, wegen der zahlreichen Bombenangriffe auf das Ruhrgebiet einfach nicht mehr zur Ruhe gekommen. Es war ein ewiges Hin- und Herlaufen von der Zeche nach Hause, von zu Hause in den Bunker, von da wieder in die Grube.<\/p>\n<p>Sogar die Halden hatte man zu Stollen ausgebaut, obwohl sie von innen meist noch gl\u00fchten. Wenn man ein paar Stunden da drinnen gewesen war, kam man v\u00f6llig verschwitzt, mit tropfnassen Haaren und ersch\u00f6pft wieder heraus. Sp\u00e4ter wurden Ventilatoren eingebaut, damit wenigstens etwas Durchzug kam. So wurde es ein wenig angenehmer, aber die hohe Temperatur blieb.<\/p>\n<p>Kurz vor Kriegsende haben die Alliierten noch zwei furchtbare Angriffe auf die Zeche Emscher Lippe gestartet. Danach waren die Tagesanlagen ein einziger Schutthaufen.<\/p>\n<figure id=\"attachment_665\" aria-describedby=\"caption-attachment-665\" style=\"width: 1000px\" class=\"wp-caption aligncenter\"><a href=\"https:\/\/bunker-datteln.de\/wp-content\/uploads\/2017\/02\/005_klein.jpg\" rel=\"wpdevart_lightbox\"><img loading=\"lazy\" decoding=\"async\" class=\"size-full wp-image-665\" src=\"https:\/\/bunker-datteln.de\/wp-content\/uploads\/2017\/02\/005_klein.jpg\" alt=\"Bunkermuseum Datteln\" width=\"1000\" height=\"750\" srcset=\"https:\/\/bunker-datteln.de\/wp-content\/uploads\/2017\/02\/005_klein.jpg 1000w, https:\/\/bunker-datteln.de\/wp-content\/uploads\/2017\/02\/005_klein-300x225.jpg 300w, https:\/\/bunker-datteln.de\/wp-content\/uploads\/2017\/02\/005_klein-768x576.jpg 768w\" sizes=\"auto, (max-width: 1000px) 100vw, 1000px\" \/><\/a><figcaption id=\"caption-attachment-665\" class=\"wp-caption-text\">Zerst\u00f6rung nach einem Bombenangriff auf die Tagesanlagen der Zeche Emscher Lippe 1\/2<\/figcaption><\/figure>\n<p>Sofort nach dem Einmarsch der Amerikaner in Datteln sind wir Kumpels hingegangen und haben nachgeschaut, was wir machen konnten. \u00dcber Tage ging es direkt mit dem Aufr\u00e4umen los. Zur Mitarbeit gab es keinen Zwang, aber viele waren sofort dabei. Wir wollten zupacken, damit der Betrieb wieder zum Laufen kam. Das war besser, als zu Hause rumzuh\u00e4ngen.<\/p>\n<figure id=\"attachment_664\" aria-describedby=\"caption-attachment-664\" style=\"width: 1000px\" class=\"wp-caption aligncenter\"><a href=\"https:\/\/bunker-datteln.de\/wp-content\/uploads\/2017\/02\/004_klein.jpg\" rel=\"wpdevart_lightbox\"><img loading=\"lazy\" decoding=\"async\" class=\"size-full wp-image-664\" src=\"https:\/\/bunker-datteln.de\/wp-content\/uploads\/2017\/02\/004_klein.jpg\" alt=\"Bunkermuseum Datteln\" width=\"1000\" height=\"686\" srcset=\"https:\/\/bunker-datteln.de\/wp-content\/uploads\/2017\/02\/004_klein.jpg 1000w, https:\/\/bunker-datteln.de\/wp-content\/uploads\/2017\/02\/004_klein-300x206.jpg 300w, https:\/\/bunker-datteln.de\/wp-content\/uploads\/2017\/02\/004_klein-768x527.jpg 768w\" sizes=\"auto, (max-width: 1000px) 100vw, 1000px\" \/><\/a><figcaption id=\"caption-attachment-664\" class=\"wp-caption-text\">Zerst\u00f6rung nach einem Bombenangriff auf die Tagesanlagen der Zeche Emscher Lippe 1\/2<\/figcaption><\/figure>\n<p>In der Grube stand das Wasser, also haben wir als erstes die Pumpen repariert, sonst s\u00e4uft unser P\u00fctt ab. Danach das Maschinenhaus instand gesetzt und unten alle Maschinen repariert.<\/p>\n<p>Und wenn ich wir sage, dann meine ich wir Kumpels. Die Obrigkeit bis runter zum Fahrhauer hatten sich wegen ihrer braunen Vergangenheit kurz vor Kriegsende abgesetzt.<\/p>\n<p>Zwei, drei Steiger sind hier geblieben, die als Gewerkschaftler vor 1933 t\u00e4tig waren. Aber im Grunde waren wir uns selbst \u00fcberlassen.<\/p>\n<p>Es ist eine Tatsache: <em><strong><u>Den P\u00fctt haben wir gerettet.<\/u><\/strong><\/em><\/p>\n<p><strong><em>Heinrich Lehmanski<\/em><\/strong><\/p>\n<p>1922 \u2013 1965 Hauer auf Emscher Lippe<\/p>\n<p><em>(Quelle: Buch Erinnerung an ein Bergwerk\u00a0\u00a0 von R. Grau)<\/em><\/p>\n<h4><strong>Was am 9. M\u00e4rz 1945 zwischen 13:56 und 14:12 Uhr passierte ist nur schwer vorstellbar<\/strong>.<\/h4>\n<p>Grossangriff mit \u00fcber 1.200 Sprengbomben auf die Zeche und das Wohngebiet der Stadt Datteln. 140 Tote und 73 Verletzte in der Zivilbev\u00f6lkerung, 325 Kriegsgefangene tot, 64 verletzt; 482 zerst\u00f6rte bzw. schwer besch\u00e4digte und 775 mittelschwer sowie ca. 1.000 leicht besch\u00e4digte H\u00e4user. Datteln-Wesel Kanal bis Schleuse Ahsen, Dortmund-Ems-Kanal bis Henrichenburg und Datteln-Hamm-Kanal bis Waltrop ausgelaufen. Sachsschaden ca. 70 Millionen Reichsmark. Zerst\u00f6rt werden u. a. die Josephsschule und die Kirche in Hagem, das Kolpinghaus und die Amanduskirche. Das Krankenhaus wird schwer besch\u00e4digt.<\/p>\n<p>Das Wort &#8222;ausgelaufen&#8220; klingt ziemlich harmlos. Tats\u00e4chlich war die n\u00f6rdliche Kanalb\u00f6schung durch einen schweren Bombentreffer aufgerissen worden. Und so st\u00fcrzten sich die Wassermassen nach Norden in die flachen, landwirtschaftlich genutzten Gebiete, in denen nur sehr wenige Menschen lebten. Man braucht nicht viel Phantasie, um sich vorzustellen, was passiert w\u00e4re, wenn die Stadtseite des aufged\u00e4mmten Kanals zerst\u00f6rt worden w\u00e4re. Das Wasser w\u00e4re dann in die bereits zerst\u00f6rte Innenstadt von Datteln gelaufen, wo Menschen in den Kellern sa\u00dfen und auf Entwarnung warteten.<\/p>\n<p>Was genau das Ziel der Bomben war, konnten die Menschen an jenem Tag nicht nachvollziehen. Angesichts der schweren Sch\u00e4den im Zentrum dr\u00e4ngte sich zun\u00e4chst eigentlich nur ein Schluss auf: Dass es sich nicht um einen punktgenauen Angriff handelte, der etwa die Schleuse selbst und die dortige Flakstellung ausschalten sollte. Es wirkte eher wie eine Version aus dem Strategiebuch der zerm\u00fcrbenden, fl\u00e4chendeckenden Zerst\u00f6rung, wie sie gegen Ende des Krieges h\u00e4ufig stattfand. F\u00fcnf Tage sp\u00e4ter kamen die Bomber wieder. Diesmal gab es 34 Tote in der Zivilbev\u00f6lkerung und weitere Verw\u00fcstung im Stadtgebiet. Dazu ein Gro\u00dfbrand auf der Zeche Emscher-Lippe, die als Benzol-Produktionsstandort eine kriegswichtige Bedeutung hatte. Am 2. April, dem Ostermontag war schlie\u00dflich alles vorbei. Da marschierten Truppenteile der 9. US-Armee in die Stadt ein.<\/p>\n<figure id=\"attachment_680\" aria-describedby=\"caption-attachment-680\" style=\"width: 474px\" class=\"wp-caption aligncenter\"><a href=\"https:\/\/bunker-datteln.de\/wp-content\/uploads\/2017\/02\/Bomben-auf-Waschkaue-1945_02.jpg\" rel=\"wpdevart_lightbox\"><img loading=\"lazy\" decoding=\"async\" class=\"size-large wp-image-680\" src=\"https:\/\/bunker-datteln.de\/wp-content\/uploads\/2017\/02\/Bomben-auf-Waschkaue-1945_02-1024x731.jpg\" alt=\"Bunkermuseum Datteln\" width=\"474\" height=\"338\" srcset=\"https:\/\/bunker-datteln.de\/wp-content\/uploads\/2017\/02\/Bomben-auf-Waschkaue-1945_02-1024x731.jpg 1024w, https:\/\/bunker-datteln.de\/wp-content\/uploads\/2017\/02\/Bomben-auf-Waschkaue-1945_02-300x214.jpg 300w, https:\/\/bunker-datteln.de\/wp-content\/uploads\/2017\/02\/Bomben-auf-Waschkaue-1945_02-768x548.jpg 768w, https:\/\/bunker-datteln.de\/wp-content\/uploads\/2017\/02\/Bomben-auf-Waschkaue-1945_02.jpg 1275w\" sizes=\"auto, (max-width: 474px) 100vw, 474px\" \/><\/a><figcaption id=\"caption-attachment-680\" class=\"wp-caption-text\">1945 Zeche Emscher Lippe 1\/2. Waschkaue und Magazin nach einem Bombenangriff. Auszug aus dem Buch von Reinhold Grau Krieg und Wiederaufbau in Datteln<\/figcaption><\/figure>\n<p>&nbsp;<\/p>\n<p>Die Aufzeichnungen der Royal Air Force aus jener Zeit geben zumindest Anhaltspunkte, um was es bei dem Angriff vom 9. M\u00e4rz in der Hauptsache ging. Die 159 Lancaster-Maschinen der No. 3 Group fanden beim Anflug eine wolkenverhangene Zielregion vor. Irgendwo da unten, so wussten sie, lag die Benzol-Anlage der Zeche Emscher Lippe. Die sollte au\u00dfer Gefecht gesetzt werden. &#8222;Der Bombenabwurf schien pr\u00e4zise verlaufen zu sein&#8220;, <span style=\"color: #000000;\">notierte die\u00a0Royal Air Force <\/span>\u00a0den Ablauf der Ereignisse damals. &#8222;Aber Ergebnisse waren nicht zu sehen.&#8220; Kein Wunder. Die Bomberbesatzungen warfen ihre Ladung blind ab. Die Positionsbestimmung f\u00fcr \u00a0den\u00a0 Abwurf\u00a0 errechnete\u00a0 man mit\u00a0 der\u00a0 sogenannten\u00a0 <span style=\"color: #000000;\">Gee &#8211; H-(oder\u00a0 auch \u00a0G-H)\u00a0 Methode<\/span>, \u00a0die auf\u00a0 einer <span style=\"color: #000000;\">Navigation\u00a0per\u00a0Funk<\/span>\u00a0basierte. \u00a0Je weiter\u00a0 die\u00a0 Flugzeuge\u00a0 von\u00a0 ihrem Ausgangspunkt entfernt \u00a0waren,\u00a0 desto gr\u00f6\u00dfer war die Abweichung (bis \u00a0hin \u00a0zu \u00a0mehreren \u00a0Kilometern).<\/p>\n<p><em>(<span style=\"text-decoration: underline;\">Quelle:<\/span> <span style=\"text-decoration: underline;\">Buch von Johannes Buchmann<\/span>\u00a0<span style=\"text-decoration: underline;\"> &#8222;Der Rest wurde am Boden zerst\u00f6rt&#8220;)<\/span><\/em><\/p>\n<p>&nbsp;<\/p>\n<p>&nbsp;<\/p>\n","protected":false},"excerpt":{"rendered":"<p>Am 10.10.1940 erlie\u00df Adolf Hitler das \u201eF\u00fchrer-Sofortprogramm\u201c als Grundlage f\u00fcr ein gigantisches Bauprojekt zum Schutz der deutschen Bev\u00f6lkerung vor alliierten Luftangriffen. Dieses Unternehmen gilt bis heute als das gr\u00f6\u00dfte zweckgebundene Bauprogramm der Menschheitsgeschichte. In drei so genannten \u201eWellen\u201c wurden in k\u00fcrzester Zeit in fast allen St\u00e4dten des Reiches Luftschutzbunker, &#8211; Keller und \u2013 Stollen errichtet, &hellip; <a href=\"https:\/\/bunker-datteln.de\/?page_id=489\" class=\"more-link\"><span class=\"screen-reader-text\">Vorwort zur Geschichte des Bunkers<\/span> weiterlesen <span class=\"meta-nav\">&rarr;<\/span><\/a><\/p>\n","protected":false},"author":1,"featured_media":662,"parent":55,"menu_order":13,"comment_status":"closed","ping_status":"closed","template":"","meta":{"footnotes":""},"class_list":["post-489","page","type-page","status-publish","has-post-thumbnail","hentry"],"_links":{"self":[{"href":"https:\/\/bunker-datteln.de\/index.php?rest_route=\/wp\/v2\/pages\/489","targetHints":{"allow":["GET"]}}],"collection":[{"href":"https:\/\/bunker-datteln.de\/index.php?rest_route=\/wp\/v2\/pages"}],"about":[{"href":"https:\/\/bunker-datteln.de\/index.php?rest_route=\/wp\/v2\/types\/page"}],"author":[{"embeddable":true,"href":"https:\/\/bunker-datteln.de\/index.php?rest_route=\/wp\/v2\/users\/1"}],"replies":[{"embeddable":true,"href":"https:\/\/bunker-datteln.de\/index.php?rest_route=%2Fwp%2Fv2%2Fcomments&post=489"}],"version-history":[{"count":10,"href":"https:\/\/bunker-datteln.de\/index.php?rest_route=\/wp\/v2\/pages\/489\/revisions"}],"predecessor-version":[{"id":802,"href":"https:\/\/bunker-datteln.de\/index.php?rest_route=\/wp\/v2\/pages\/489\/revisions\/802"}],"up":[{"embeddable":true,"href":"https:\/\/bunker-datteln.de\/index.php?rest_route=\/wp\/v2\/pages\/55"}],"wp:featuredmedia":[{"embeddable":true,"href":"https:\/\/bunker-datteln.de\/index.php?rest_route=\/wp\/v2\/media\/662"}],"wp:attachment":[{"href":"https:\/\/bunker-datteln.de\/index.php?rest_route=%2Fwp%2Fv2%2Fmedia&parent=489"}],"curies":[{"name":"wp","href":"https:\/\/api.w.org\/{rel}","templated":true}]}}