{"id":1348,"date":"2023-01-02T20:21:23","date_gmt":"2023-01-02T20:21:23","guid":{"rendered":"https:\/\/bunker-datteln.de\/?page_id=1348"},"modified":"2024-04-08T19:16:44","modified_gmt":"2024-04-08T19:16:44","slug":"aktuelles-in-2023","status":"publish","type":"page","link":"https:\/\/bunker-datteln.de\/?page_id=1348","title":{"rendered":"Archiv 2023"},"content":{"rendered":"<p><strong>Aktuelles in 2023<\/strong><\/p>\n<figure id=\"attachment_1359\" aria-describedby=\"caption-attachment-1359\" style=\"width: 768px\" class=\"wp-caption alignnone\"><a href=\"https:\/\/bunker-datteln.de\/wp-content\/uploads\/2023\/02\/001_WDR2.jpg\" rel=\"wpdevart_lightbox\"><img loading=\"lazy\" decoding=\"async\" class=\"size-full wp-image-1359\" src=\"https:\/\/bunker-datteln.de\/wp-content\/uploads\/2023\/02\/001_WDR2.jpg\" alt=\"Bunkermuseum Datteln\" width=\"768\" height=\"1024\" srcset=\"https:\/\/bunker-datteln.de\/wp-content\/uploads\/2023\/02\/001_WDR2.jpg 768w, https:\/\/bunker-datteln.de\/wp-content\/uploads\/2023\/02\/001_WDR2-225x300.jpg 225w\" sizes=\"auto, (max-width: 768px) 100vw, 768px\" \/><\/a><figcaption id=\"caption-attachment-1359\" class=\"wp-caption-text\">4.2.23 Besuch vom WDR2<\/figcaption><\/figure>\n<figure id=\"attachment_1369\" aria-describedby=\"caption-attachment-1369\" style=\"width: 563px\" class=\"wp-caption alignnone\"><a href=\"https:\/\/bunker-datteln.de\/wp-content\/uploads\/2023\/03\/002_Kugelleuchten.jpg\" rel=\"wpdevart_lightbox\"><img loading=\"lazy\" decoding=\"async\" class=\"size-full wp-image-1369\" src=\"https:\/\/bunker-datteln.de\/wp-content\/uploads\/2023\/03\/002_Kugelleuchten.jpg\" alt=\"Bunkermuseum Datteln\" width=\"563\" height=\"1000\" srcset=\"https:\/\/bunker-datteln.de\/wp-content\/uploads\/2023\/03\/002_Kugelleuchten.jpg 563w, https:\/\/bunker-datteln.de\/wp-content\/uploads\/2023\/03\/002_Kugelleuchten-169x300.jpg 169w\" sizes=\"auto, (max-width: 563px) 100vw, 563px\" \/><\/a><figcaption id=\"caption-attachment-1369\" class=\"wp-caption-text\">09.03.2023 Kugelleuchten \u00fcberarbeiten.<\/figcaption><\/figure>\n<figure id=\"attachment_1372\" aria-describedby=\"caption-attachment-1372\" style=\"width: 474px\" class=\"wp-caption alignnone\"><a href=\"https:\/\/bunker-datteln.de\/wp-content\/uploads\/2023\/03\/003_Besucher.jpg\" rel=\"wpdevart_lightbox\"><img loading=\"lazy\" decoding=\"async\" class=\"size-large wp-image-1372\" src=\"https:\/\/bunker-datteln.de\/wp-content\/uploads\/2023\/03\/003_Besucher-576x1024.jpg\" alt=\"Bunkermuseum Datteln\" width=\"474\" height=\"843\" srcset=\"https:\/\/bunker-datteln.de\/wp-content\/uploads\/2023\/03\/003_Besucher-576x1024.jpg 576w, https:\/\/bunker-datteln.de\/wp-content\/uploads\/2023\/03\/003_Besucher-169x300.jpg 169w, https:\/\/bunker-datteln.de\/wp-content\/uploads\/2023\/03\/003_Besucher-768x1365.jpg 768w, https:\/\/bunker-datteln.de\/wp-content\/uploads\/2023\/03\/003_Besucher-864x1536.jpg 864w, https:\/\/bunker-datteln.de\/wp-content\/uploads\/2023\/03\/003_Besucher.jpg 900w\" sizes=\"auto, (max-width: 474px) 100vw, 474px\" \/><\/a><figcaption id=\"caption-attachment-1372\" class=\"wp-caption-text\">16.3.23 Besuchergruppe<\/figcaption><\/figure>\n<figure id=\"attachment_1375\" aria-describedby=\"caption-attachment-1375\" style=\"width: 474px\" class=\"wp-caption alignnone\"><a href=\"https:\/\/bunker-datteln.de\/wp-content\/uploads\/2023\/03\/004_Besucher.jpg\" rel=\"wpdevart_lightbox\"><img loading=\"lazy\" decoding=\"async\" class=\"size-large wp-image-1375\" src=\"https:\/\/bunker-datteln.de\/wp-content\/uploads\/2023\/03\/004_Besucher-576x1024.jpg\" alt=\"Bunkermuseum Datteln\" width=\"474\" height=\"843\" srcset=\"https:\/\/bunker-datteln.de\/wp-content\/uploads\/2023\/03\/004_Besucher-576x1024.jpg 576w, https:\/\/bunker-datteln.de\/wp-content\/uploads\/2023\/03\/004_Besucher-169x300.jpg 169w, https:\/\/bunker-datteln.de\/wp-content\/uploads\/2023\/03\/004_Besucher-768x1365.jpg 768w, https:\/\/bunker-datteln.de\/wp-content\/uploads\/2023\/03\/004_Besucher-864x1536.jpg 864w, https:\/\/bunker-datteln.de\/wp-content\/uploads\/2023\/03\/004_Besucher.jpg 1152w\" sizes=\"auto, (max-width: 474px) 100vw, 474px\" \/><\/a><figcaption id=\"caption-attachment-1375\" class=\"wp-caption-text\">26.3.23 Besuchergruppe<\/figcaption><\/figure>\n<figure id=\"attachment_1385\" aria-describedby=\"caption-attachment-1385\" style=\"width: 474px\" class=\"wp-caption alignnone\"><a href=\"https:\/\/bunker-datteln.de\/wp-content\/uploads\/2023\/06\/005_Besuch-Feuerwehr.jpg\" rel=\"wpdevart_lightbox\"><img loading=\"lazy\" decoding=\"async\" class=\"size-large wp-image-1385\" src=\"https:\/\/bunker-datteln.de\/wp-content\/uploads\/2023\/06\/005_Besuch-Feuerwehr-1024x576.jpg\" alt=\"Bunkermuseum Datteln\" width=\"474\" height=\"267\" srcset=\"https:\/\/bunker-datteln.de\/wp-content\/uploads\/2023\/06\/005_Besuch-Feuerwehr-1024x576.jpg 1024w, https:\/\/bunker-datteln.de\/wp-content\/uploads\/2023\/06\/005_Besuch-Feuerwehr-300x169.jpg 300w, https:\/\/bunker-datteln.de\/wp-content\/uploads\/2023\/06\/005_Besuch-Feuerwehr-768x432.jpg 768w, https:\/\/bunker-datteln.de\/wp-content\/uploads\/2023\/06\/005_Besuch-Feuerwehr-1536x864.jpg 1536w, https:\/\/bunker-datteln.de\/wp-content\/uploads\/2023\/06\/005_Besuch-Feuerwehr.jpg 1600w\" sizes=\"auto, (max-width: 474px) 100vw, 474px\" \/><\/a><figcaption id=\"caption-attachment-1385\" class=\"wp-caption-text\">03.06.23 Besuchergruppe Feuerwehr<\/figcaption><\/figure>\n<figure id=\"attachment_1389\" aria-describedby=\"caption-attachment-1389\" style=\"width: 474px\" class=\"wp-caption alignnone\"><a href=\"https:\/\/bunker-datteln.de\/wp-content\/uploads\/2023\/06\/006.jpg\" rel=\"wpdevart_lightbox\"><img loading=\"lazy\" decoding=\"async\" class=\"size-large wp-image-1389\" src=\"https:\/\/bunker-datteln.de\/wp-content\/uploads\/2023\/06\/006-1024x576.jpg\" alt=\"Bunkermuseum Datteln\" width=\"474\" height=\"267\" srcset=\"https:\/\/bunker-datteln.de\/wp-content\/uploads\/2023\/06\/006-1024x576.jpg 1024w, https:\/\/bunker-datteln.de\/wp-content\/uploads\/2023\/06\/006-300x169.jpg 300w, https:\/\/bunker-datteln.de\/wp-content\/uploads\/2023\/06\/006-768x432.jpg 768w, https:\/\/bunker-datteln.de\/wp-content\/uploads\/2023\/06\/006-1536x864.jpg 1536w, https:\/\/bunker-datteln.de\/wp-content\/uploads\/2023\/06\/006.jpg 2048w\" sizes=\"auto, (max-width: 474px) 100vw, 474px\" \/><\/a><figcaption id=\"caption-attachment-1389\" class=\"wp-caption-text\">23.6.23 Ortsgruppe IGBCE Ickern<\/figcaption><\/figure>\n<figure id=\"attachment_1393\" aria-describedby=\"caption-attachment-1393\" style=\"width: 474px\" class=\"wp-caption alignnone\"><a href=\"https:\/\/bunker-datteln.de\/wp-content\/uploads\/2023\/06\/008.jpg\" rel=\"wpdevart_lightbox\"><img loading=\"lazy\" decoding=\"async\" class=\"size-large wp-image-1393\" src=\"https:\/\/bunker-datteln.de\/wp-content\/uploads\/2023\/06\/008-1024x1024.jpg\" alt=\"Bunkermuseum Datteln\" width=\"474\" height=\"474\" srcset=\"https:\/\/bunker-datteln.de\/wp-content\/uploads\/2023\/06\/008-1024x1024.jpg 1024w, https:\/\/bunker-datteln.de\/wp-content\/uploads\/2023\/06\/008-300x300.jpg 300w, https:\/\/bunker-datteln.de\/wp-content\/uploads\/2023\/06\/008-150x150.jpg 150w, https:\/\/bunker-datteln.de\/wp-content\/uploads\/2023\/06\/008-768x768.jpg 768w, https:\/\/bunker-datteln.de\/wp-content\/uploads\/2023\/06\/008.jpg 1512w\" sizes=\"auto, (max-width: 474px) 100vw, 474px\" \/><\/a><figcaption id=\"caption-attachment-1393\" class=\"wp-caption-text\">28.06.2023 Besuchergruppe Diakonie Datteln<\/figcaption><\/figure>\n<figure id=\"attachment_1397\" aria-describedby=\"caption-attachment-1397\" style=\"width: 474px\" class=\"wp-caption alignnone\"><a href=\"https:\/\/bunker-datteln.de\/wp-content\/uploads\/2023\/08\/009.jpg\" rel=\"wpdevart_lightbox\"><img loading=\"lazy\" decoding=\"async\" class=\"size-large wp-image-1397\" src=\"https:\/\/bunker-datteln.de\/wp-content\/uploads\/2023\/08\/009-1024x577.jpg\" alt=\"Bunkermuseum Datteln\" width=\"474\" height=\"267\" srcset=\"https:\/\/bunker-datteln.de\/wp-content\/uploads\/2023\/08\/009-1024x577.jpg 1024w, https:\/\/bunker-datteln.de\/wp-content\/uploads\/2023\/08\/009-300x169.jpg 300w, https:\/\/bunker-datteln.de\/wp-content\/uploads\/2023\/08\/009-768x432.jpg 768w, https:\/\/bunker-datteln.de\/wp-content\/uploads\/2023\/08\/009-1536x865.jpg 1536w, https:\/\/bunker-datteln.de\/wp-content\/uploads\/2023\/08\/009.jpg 2000w\" sizes=\"auto, (max-width: 474px) 100vw, 474px\" \/><\/a><figcaption id=\"caption-attachment-1397\" class=\"wp-caption-text\">03.08.2023 Besuch aus Kanada (Alberta)<\/figcaption><\/figure>\n<figure id=\"attachment_1399\" aria-describedby=\"caption-attachment-1399\" style=\"width: 474px\" class=\"wp-caption alignnone\"><a href=\"https:\/\/bunker-datteln.de\/wp-content\/uploads\/2023\/08\/010.jpg\" rel=\"wpdevart_lightbox\"><img loading=\"lazy\" decoding=\"async\" class=\"size-large wp-image-1399\" src=\"https:\/\/bunker-datteln.de\/wp-content\/uploads\/2023\/08\/010-1024x577.jpg\" alt=\"Bunkermuseum Datteln\" width=\"474\" height=\"267\" srcset=\"https:\/\/bunker-datteln.de\/wp-content\/uploads\/2023\/08\/010-1024x577.jpg 1024w, https:\/\/bunker-datteln.de\/wp-content\/uploads\/2023\/08\/010-300x169.jpg 300w, https:\/\/bunker-datteln.de\/wp-content\/uploads\/2023\/08\/010-768x433.jpg 768w, https:\/\/bunker-datteln.de\/wp-content\/uploads\/2023\/08\/010.jpg 1500w\" sizes=\"auto, (max-width: 474px) 100vw, 474px\" \/><\/a><figcaption id=\"caption-attachment-1399\" class=\"wp-caption-text\">03.08.2023 Besuch aus Worms<\/figcaption><\/figure>\n<p><a href=\"https:\/\/bunker-datteln.de\/wp-content\/uploads\/2023\/08\/82_06082023_Bunkermuseum.pdf\">82_06082023_Bunkermuseum<\/a><\/p>\n<p>Bericht vom 06.08.2023 der WAZ am Sonntag (EPaper)<\/p>\n<hr \/>\n<figure id=\"attachment_1413\" aria-describedby=\"caption-attachment-1413\" style=\"width: 474px\" class=\"wp-caption alignnone\"><a href=\"https:\/\/bunker-datteln.de\/wp-content\/uploads\/2023\/09\/20230910_111202-scaled.jpg\" rel=\"wpdevart_lightbox\"><img loading=\"lazy\" decoding=\"async\" class=\"size-large wp-image-1413\" src=\"https:\/\/bunker-datteln.de\/wp-content\/uploads\/2023\/09\/20230910_111202-1024x577.jpg\" alt=\"Bunkermuseum Datteln\" width=\"474\" height=\"267\" srcset=\"https:\/\/bunker-datteln.de\/wp-content\/uploads\/2023\/09\/20230910_111202-1024x577.jpg 1024w, https:\/\/bunker-datteln.de\/wp-content\/uploads\/2023\/09\/20230910_111202-300x169.jpg 300w, https:\/\/bunker-datteln.de\/wp-content\/uploads\/2023\/09\/20230910_111202-768x432.jpg 768w, https:\/\/bunker-datteln.de\/wp-content\/uploads\/2023\/09\/20230910_111202-1536x865.jpg 1536w, https:\/\/bunker-datteln.de\/wp-content\/uploads\/2023\/09\/20230910_111202-2048x1153.jpg 2048w\" sizes=\"auto, (max-width: 474px) 100vw, 474px\" \/><\/a><figcaption id=\"caption-attachment-1413\" class=\"wp-caption-text\">10.09.2023 Tag des offenen Denkmals Unsere flei\u00dfigen Helferinnen von der Kuchen und Getr\u00e4nketheke<\/figcaption><\/figure>\n<figure id=\"attachment_1412\" aria-describedby=\"caption-attachment-1412\" style=\"width: 474px\" class=\"wp-caption alignnone\"><a href=\"https:\/\/bunker-datteln.de\/wp-content\/uploads\/2023\/09\/20230910_111147-scaled.jpg\" rel=\"wpdevart_lightbox\"><img loading=\"lazy\" decoding=\"async\" class=\"size-large wp-image-1412\" src=\"https:\/\/bunker-datteln.de\/wp-content\/uploads\/2023\/09\/20230910_111147-1024x577.jpg\" alt=\"Bunkermuseum Datteln\" width=\"474\" height=\"267\" srcset=\"https:\/\/bunker-datteln.de\/wp-content\/uploads\/2023\/09\/20230910_111147-1024x577.jpg 1024w, https:\/\/bunker-datteln.de\/wp-content\/uploads\/2023\/09\/20230910_111147-300x169.jpg 300w, https:\/\/bunker-datteln.de\/wp-content\/uploads\/2023\/09\/20230910_111147-768x432.jpg 768w, https:\/\/bunker-datteln.de\/wp-content\/uploads\/2023\/09\/20230910_111147-1536x865.jpg 1536w, https:\/\/bunker-datteln.de\/wp-content\/uploads\/2023\/09\/20230910_111147-2048x1153.jpg 2048w\" sizes=\"auto, (max-width: 474px) 100vw, 474px\" \/><\/a><figcaption id=\"caption-attachment-1412\" class=\"wp-caption-text\">10.09.2023 Tag des offenen Denkmals<\/figcaption><\/figure>\n<figure id=\"attachment_1422\" aria-describedby=\"caption-attachment-1422\" style=\"width: 474px\" class=\"wp-caption alignnone\"><a href=\"https:\/\/bunker-datteln.de\/wp-content\/uploads\/2023\/11\/014a.jpg\" rel=\"wpdevart_lightbox\"><img loading=\"lazy\" decoding=\"async\" class=\"size-large wp-image-1422\" src=\"https:\/\/bunker-datteln.de\/wp-content\/uploads\/2023\/11\/014a-577x1024.jpg\" alt=\"Bunkermuseum Datteln\" width=\"474\" height=\"841\" srcset=\"https:\/\/bunker-datteln.de\/wp-content\/uploads\/2023\/11\/014a-577x1024.jpg 577w, https:\/\/bunker-datteln.de\/wp-content\/uploads\/2023\/11\/014a-169x300.jpg 169w, https:\/\/bunker-datteln.de\/wp-content\/uploads\/2023\/11\/014a.jpg 676w\" sizes=\"auto, (max-width: 474px) 100vw, 474px\" \/><\/a><figcaption id=\"caption-attachment-1422\" class=\"wp-caption-text\">11.11.2023 Bunker im Licht<\/figcaption><\/figure>\n<figure id=\"attachment_1423\" aria-describedby=\"caption-attachment-1423\" style=\"width: 474px\" class=\"wp-caption alignnone\"><a href=\"https:\/\/bunker-datteln.de\/wp-content\/uploads\/2023\/11\/015a.jpg\" rel=\"wpdevart_lightbox\"><img loading=\"lazy\" decoding=\"async\" class=\"size-large wp-image-1423\" src=\"https:\/\/bunker-datteln.de\/wp-content\/uploads\/2023\/11\/015a-1024x577.jpg\" alt=\"Bunkermuseum Datteln\" width=\"474\" height=\"267\" srcset=\"https:\/\/bunker-datteln.de\/wp-content\/uploads\/2023\/11\/015a-1024x577.jpg 1024w, https:\/\/bunker-datteln.de\/wp-content\/uploads\/2023\/11\/015a-300x169.jpg 300w, https:\/\/bunker-datteln.de\/wp-content\/uploads\/2023\/11\/015a-768x433.jpg 768w, https:\/\/bunker-datteln.de\/wp-content\/uploads\/2023\/11\/015a.jpg 1200w\" sizes=\"auto, (max-width: 474px) 100vw, 474px\" \/><\/a><figcaption id=\"caption-attachment-1423\" class=\"wp-caption-text\">11.11.2023 Bunker im Licht<\/figcaption><\/figure>\n<figure id=\"attachment_1424\" aria-describedby=\"caption-attachment-1424\" style=\"width: 474px\" class=\"wp-caption alignnone\"><a href=\"https:\/\/bunker-datteln.de\/wp-content\/uploads\/2023\/11\/016a.jpg\" rel=\"wpdevart_lightbox\"><img loading=\"lazy\" decoding=\"async\" class=\"size-large wp-image-1424\" src=\"https:\/\/bunker-datteln.de\/wp-content\/uploads\/2023\/11\/016a-577x1024.jpg\" alt=\"Bunkermuseum Datteln\" width=\"474\" height=\"841\" srcset=\"https:\/\/bunker-datteln.de\/wp-content\/uploads\/2023\/11\/016a-577x1024.jpg 577w, https:\/\/bunker-datteln.de\/wp-content\/uploads\/2023\/11\/016a-169x300.jpg 169w, https:\/\/bunker-datteln.de\/wp-content\/uploads\/2023\/11\/016a.jpg 676w\" sizes=\"auto, (max-width: 474px) 100vw, 474px\" \/><\/a><figcaption id=\"caption-attachment-1424\" class=\"wp-caption-text\">11.11.2023 Bunker im Licht<\/figcaption><\/figure>\n<figure id=\"attachment_1432\" aria-describedby=\"caption-attachment-1432\" style=\"width: 474px\" class=\"wp-caption alignnone\"><a href=\"https:\/\/bunker-datteln.de\/wp-content\/uploads\/2023\/12\/019.jpg\" rel=\"wpdevart_lightbox\"><img loading=\"lazy\" decoding=\"async\" class=\"size-large wp-image-1432\" src=\"https:\/\/bunker-datteln.de\/wp-content\/uploads\/2023\/12\/019-576x1024.jpg\" alt=\"Bunkermuseum Datteln\" width=\"474\" height=\"843\" srcset=\"https:\/\/bunker-datteln.de\/wp-content\/uploads\/2023\/12\/019-576x1024.jpg 576w, https:\/\/bunker-datteln.de\/wp-content\/uploads\/2023\/12\/019-169x300.jpg 169w, https:\/\/bunker-datteln.de\/wp-content\/uploads\/2023\/12\/019-768x1365.jpg 768w, https:\/\/bunker-datteln.de\/wp-content\/uploads\/2023\/12\/019-864x1536.jpg 864w, https:\/\/bunker-datteln.de\/wp-content\/uploads\/2023\/12\/019.jpg 900w\" sizes=\"auto, (max-width: 474px) 100vw, 474px\" \/><\/a><figcaption id=\"caption-attachment-1432\" class=\"wp-caption-text\">07.12.23 Besuch von der Fa. Heitkamp<\/figcaption><\/figure>\n<figure id=\"attachment_1433\" aria-describedby=\"caption-attachment-1433\" style=\"width: 474px\" class=\"wp-caption alignnone\"><a href=\"https:\/\/bunker-datteln.de\/wp-content\/uploads\/2023\/12\/020-scaled.jpg\" rel=\"wpdevart_lightbox\"><img loading=\"lazy\" decoding=\"async\" class=\"size-large wp-image-1433\" src=\"https:\/\/bunker-datteln.de\/wp-content\/uploads\/2023\/12\/020-1024x577.jpg\" alt=\"Bunkermuseum Datteln\" width=\"474\" height=\"267\" srcset=\"https:\/\/bunker-datteln.de\/wp-content\/uploads\/2023\/12\/020-1024x577.jpg 1024w, https:\/\/bunker-datteln.de\/wp-content\/uploads\/2023\/12\/020-300x169.jpg 300w, https:\/\/bunker-datteln.de\/wp-content\/uploads\/2023\/12\/020-768x432.jpg 768w, https:\/\/bunker-datteln.de\/wp-content\/uploads\/2023\/12\/020-1536x865.jpg 1536w, https:\/\/bunker-datteln.de\/wp-content\/uploads\/2023\/12\/020-2048x1153.jpg 2048w\" sizes=\"auto, (max-width: 474px) 100vw, 474px\" \/><\/a><figcaption id=\"caption-attachment-1433\" class=\"wp-caption-text\">26.12.23 Weihnachtsregen l\u00e4sst M\u00fchlenbach und \u00d6lm\u00fchlenbach ansteigen.<\/figcaption><\/figure>\n<figure id=\"attachment_1435\" aria-describedby=\"caption-attachment-1435\" style=\"width: 768px\" class=\"wp-caption alignnone\"><a href=\"https:\/\/bunker-datteln.de\/wp-content\/uploads\/2023\/12\/022.jpg\" rel=\"wpdevart_lightbox\"><img loading=\"lazy\" decoding=\"async\" class=\"size-full wp-image-1435\" src=\"https:\/\/bunker-datteln.de\/wp-content\/uploads\/2023\/12\/022.jpg\" alt=\"Bunkermuseum Datteln\" width=\"768\" height=\"1024\" srcset=\"https:\/\/bunker-datteln.de\/wp-content\/uploads\/2023\/12\/022.jpg 768w, https:\/\/bunker-datteln.de\/wp-content\/uploads\/2023\/12\/022-225x300.jpg 225w\" sizes=\"auto, (max-width: 768px) 100vw, 768px\" \/><\/a><figcaption id=\"caption-attachment-1435\" class=\"wp-caption-text\">30 und 31.12.23 Hochwasser im Bunker<\/figcaption><\/figure>\n<figure id=\"attachment_1434\" aria-describedby=\"caption-attachment-1434\" style=\"width: 474px\" class=\"wp-caption alignnone\"><a href=\"https:\/\/bunker-datteln.de\/wp-content\/uploads\/2023\/12\/021-scaled.jpg\" rel=\"wpdevart_lightbox\"><img loading=\"lazy\" decoding=\"async\" class=\"size-large wp-image-1434\" src=\"https:\/\/bunker-datteln.de\/wp-content\/uploads\/2023\/12\/021-577x1024.jpg\" alt=\"Bunkermuseum Datteln\" width=\"474\" height=\"841\" srcset=\"https:\/\/bunker-datteln.de\/wp-content\/uploads\/2023\/12\/021-577x1024.jpg 577w, https:\/\/bunker-datteln.de\/wp-content\/uploads\/2023\/12\/021-169x300.jpg 169w, https:\/\/bunker-datteln.de\/wp-content\/uploads\/2023\/12\/021-768x1364.jpg 768w, https:\/\/bunker-datteln.de\/wp-content\/uploads\/2023\/12\/021-865x1536.jpg 865w, https:\/\/bunker-datteln.de\/wp-content\/uploads\/2023\/12\/021-1153x2048.jpg 1153w, https:\/\/bunker-datteln.de\/wp-content\/uploads\/2023\/12\/021-scaled.jpg 1442w\" sizes=\"auto, (max-width: 474px) 100vw, 474px\" \/><\/a><figcaption id=\"caption-attachment-1434\" class=\"wp-caption-text\">30 und 31..12.23 Hochwasser im Bunker<\/figcaption><\/figure>\n<figure id=\"attachment_1459\" aria-describedby=\"caption-attachment-1459\" style=\"width: 474px\" class=\"wp-caption alignnone\"><a href=\"https:\/\/bunker-datteln.de\/wp-content\/uploads\/2024\/04\/002.jpg\" rel=\"wpdevart_lightbox\"><img loading=\"lazy\" decoding=\"async\" class=\"size-large wp-image-1459\" src=\"https:\/\/bunker-datteln.de\/wp-content\/uploads\/2024\/04\/002-576x1024.jpg\" alt=\"Bunkermuseum Datteln\" width=\"474\" height=\"843\" srcset=\"https:\/\/bunker-datteln.de\/wp-content\/uploads\/2024\/04\/002-576x1024.jpg 576w, https:\/\/bunker-datteln.de\/wp-content\/uploads\/2024\/04\/002-169x300.jpg 169w, https:\/\/bunker-datteln.de\/wp-content\/uploads\/2024\/04\/002-768x1364.jpg 768w, https:\/\/bunker-datteln.de\/wp-content\/uploads\/2024\/04\/002.jpg 800w\" sizes=\"auto, (max-width: 474px) 100vw, 474px\" \/><\/a><figcaption id=\"caption-attachment-1459\" class=\"wp-caption-text\">30 und 31.12.23 Hochwasser im Bunker<\/figcaption><\/figure>\n<p>&nbsp;<\/p>\n<p>&nbsp;<\/p>\n<p>&nbsp;<\/p>\n","protected":false},"excerpt":{"rendered":"<p>Aktuelles in 2023 82_06082023_Bunkermuseum Bericht vom 06.08.2023 der WAZ am Sonntag (EPaper) &nbsp; &nbsp; &nbsp;<\/p>\n","protected":false},"author":1,"featured_media":643,"parent":0,"menu_order":0,"comment_status":"closed","ping_status":"closed","template":"","meta":{"footnotes":""},"class_list":["post-1348","page","type-page","status-publish","has-post-thumbnail","hentry"],"_links":{"self":[{"href":"https:\/\/bunker-datteln.de\/index.php?rest_route=\/wp\/v2\/pages\/1348","targetHints":{"allow":["GET"]}}],"collection":[{"href":"https:\/\/bunker-datteln.de\/index.php?rest_route=\/wp\/v2\/pages"}],"about":[{"href":"https:\/\/bunker-datteln.de\/index.php?rest_route=\/wp\/v2\/types\/page"}],"author":[{"embeddable":true,"href":"https:\/\/bunker-datteln.de\/index.php?rest_route=\/wp\/v2\/users\/1"}],"replies":[{"embeddable":true,"href":"https:\/\/bunker-datteln.de\/index.php?rest_route=%2Fwp%2Fv2%2Fcomments&post=1348"}],"version-history":[{"count":24,"href":"https:\/\/bunker-datteln.de\/index.php?rest_route=\/wp\/v2\/pages\/1348\/revisions"}],"predecessor-version":[{"id":1460,"href":"https:\/\/bunker-datteln.de\/index.php?rest_route=\/wp\/v2\/pages\/1348\/revisions\/1460"}],"wp:featuredmedia":[{"embeddable":true,"href":"https:\/\/bunker-datteln.de\/index.php?rest_route=\/wp\/v2\/media\/643"}],"wp:attachment":[{"href":"https:\/\/bunker-datteln.de\/index.php?rest_route=%2Fwp%2Fv2%2Fmedia&parent=1348"}],"curies":[{"name":"wp","href":"https:\/\/api.w.org\/{rel}","templated":true}]}}