{"id":108,"date":"2014-09-17T14:31:17","date_gmt":"2014-09-17T12:31:17","guid":{"rendered":"http:\/\/s368574448.online.de\/?page_id=108"},"modified":"2017-04-20T18:54:58","modified_gmt":"2017-04-20T18:54:58","slug":"archiv-2010","status":"publish","type":"page","link":"https:\/\/bunker-datteln.de\/?page_id=108","title":{"rendered":"Archiv 2010"},"content":{"rendered":"<p>&nbsp;<\/p>\n<figure id=\"attachment_645\" aria-describedby=\"caption-attachment-645\" style=\"width: 474px\" class=\"wp-caption aligncenter\"><a href=\"https:\/\/bunker-datteln.de\/wp-content\/uploads\/2017\/02\/2010_001.jpg\" rel=\"wpdevart_lightbox\"><img loading=\"lazy\" decoding=\"async\" class=\"size-large wp-image-645\" src=\"https:\/\/bunker-datteln.de\/wp-content\/uploads\/2017\/02\/2010_001-1024x768.jpg\" alt=\"Bunker 2010\" width=\"474\" height=\"356\" srcset=\"https:\/\/bunker-datteln.de\/wp-content\/uploads\/2017\/02\/2010_001-1024x768.jpg 1024w, https:\/\/bunker-datteln.de\/wp-content\/uploads\/2017\/02\/2010_001-300x225.jpg 300w, https:\/\/bunker-datteln.de\/wp-content\/uploads\/2017\/02\/2010_001-768x576.jpg 768w, https:\/\/bunker-datteln.de\/wp-content\/uploads\/2017\/02\/2010_001.jpg 1400w\" sizes=\"auto, (max-width: 474px) 100vw, 474px\" \/><\/a><figcaption id=\"caption-attachment-645\" class=\"wp-caption-text\">\u00d6ffnen Nebeneingang am M\u00fchlenbach<\/figcaption><\/figure>\n<figure id=\"attachment_646\" aria-describedby=\"caption-attachment-646\" style=\"width: 474px\" class=\"wp-caption aligncenter\"><a href=\"https:\/\/bunker-datteln.de\/wp-content\/uploads\/2017\/02\/2010_002.jpg\" rel=\"wpdevart_lightbox\"><img loading=\"lazy\" decoding=\"async\" class=\"size-large wp-image-646\" src=\"https:\/\/bunker-datteln.de\/wp-content\/uploads\/2017\/02\/2010_002-1024x768.jpg\" alt=\"Bunker 2010\" width=\"474\" height=\"356\" srcset=\"https:\/\/bunker-datteln.de\/wp-content\/uploads\/2017\/02\/2010_002-1024x768.jpg 1024w, https:\/\/bunker-datteln.de\/wp-content\/uploads\/2017\/02\/2010_002-300x225.jpg 300w, https:\/\/bunker-datteln.de\/wp-content\/uploads\/2017\/02\/2010_002-768x576.jpg 768w, https:\/\/bunker-datteln.de\/wp-content\/uploads\/2017\/02\/2010_002.jpg 1400w\" sizes=\"auto, (max-width: 474px) 100vw, 474px\" \/><\/a><figcaption id=\"caption-attachment-646\" class=\"wp-caption-text\">\u00d6ffnen Nebeneingang am M\u00fchlenbach<\/figcaption><\/figure>\n<figure id=\"attachment_647\" aria-describedby=\"caption-attachment-647\" style=\"width: 474px\" class=\"wp-caption aligncenter\"><a href=\"https:\/\/bunker-datteln.de\/wp-content\/uploads\/2017\/02\/2010_003.jpg\" rel=\"wpdevart_lightbox\"><img loading=\"lazy\" decoding=\"async\" class=\"size-large wp-image-647\" src=\"https:\/\/bunker-datteln.de\/wp-content\/uploads\/2017\/02\/2010_003-683x1024.jpg\" alt=\"Bunker 2010\" width=\"474\" height=\"711\" srcset=\"https:\/\/bunker-datteln.de\/wp-content\/uploads\/2017\/02\/2010_003-683x1024.jpg 683w, https:\/\/bunker-datteln.de\/wp-content\/uploads\/2017\/02\/2010_003-200x300.jpg 200w, https:\/\/bunker-datteln.de\/wp-content\/uploads\/2017\/02\/2010_003-768x1152.jpg 768w, https:\/\/bunker-datteln.de\/wp-content\/uploads\/2017\/02\/2010_003.jpg 1024w\" sizes=\"auto, (max-width: 474px) 100vw, 474px\" \/><\/a><figcaption id=\"caption-attachment-647\" class=\"wp-caption-text\">Erste Begehung im Bunker<\/figcaption><\/figure>\n<figure id=\"attachment_648\" aria-describedby=\"caption-attachment-648\" style=\"width: 474px\" class=\"wp-caption aligncenter\"><a href=\"https:\/\/bunker-datteln.de\/wp-content\/uploads\/2017\/02\/2010_004.jpg\" rel=\"wpdevart_lightbox\"><img loading=\"lazy\" decoding=\"async\" class=\"size-large wp-image-648\" src=\"https:\/\/bunker-datteln.de\/wp-content\/uploads\/2017\/02\/2010_004-683x1024.jpg\" alt=\"Bunker 2010\" width=\"474\" height=\"711\" srcset=\"https:\/\/bunker-datteln.de\/wp-content\/uploads\/2017\/02\/2010_004-683x1024.jpg 683w, https:\/\/bunker-datteln.de\/wp-content\/uploads\/2017\/02\/2010_004-200x300.jpg 200w, https:\/\/bunker-datteln.de\/wp-content\/uploads\/2017\/02\/2010_004-768x1152.jpg 768w, https:\/\/bunker-datteln.de\/wp-content\/uploads\/2017\/02\/2010_004.jpg 1024w\" sizes=\"auto, (max-width: 474px) 100vw, 474px\" \/><\/a><figcaption id=\"caption-attachment-648\" class=\"wp-caption-text\">Erste Begehung im Bunker<\/figcaption><\/figure>\n<figure id=\"attachment_846\" aria-describedby=\"caption-attachment-846\" style=\"width: 474px\" class=\"wp-caption aligncenter\"><a href=\"https:\/\/bunker-datteln.de\/wp-content\/uploads\/2017\/04\/2010_016.jpg\" rel=\"wpdevart_lightbox\"><img loading=\"lazy\" decoding=\"async\" class=\"size-large wp-image-846\" src=\"https:\/\/bunker-datteln.de\/wp-content\/uploads\/2017\/04\/2010_016-1024x680.jpg\" alt=\"Bunkermuseum Datteln\" width=\"474\" height=\"315\" srcset=\"https:\/\/bunker-datteln.de\/wp-content\/uploads\/2017\/04\/2010_016-1024x680.jpg 1024w, https:\/\/bunker-datteln.de\/wp-content\/uploads\/2017\/04\/2010_016-300x199.jpg 300w, https:\/\/bunker-datteln.de\/wp-content\/uploads\/2017\/04\/2010_016-768x510.jpg 768w, https:\/\/bunker-datteln.de\/wp-content\/uploads\/2017\/04\/2010_016.jpg 1168w\" sizes=\"auto, (max-width: 474px) 100vw, 474px\" \/><\/a><figcaption id=\"caption-attachment-846\" class=\"wp-caption-text\">Begehung Bunker 2010<\/figcaption><\/figure>\n<figure id=\"attachment_848\" aria-describedby=\"caption-attachment-848\" style=\"width: 474px\" class=\"wp-caption aligncenter\"><a href=\"https:\/\/bunker-datteln.de\/wp-content\/uploads\/2017\/04\/2010_018.jpg\" rel=\"wpdevart_lightbox\"><img loading=\"lazy\" decoding=\"async\" class=\"size-large wp-image-848\" src=\"https:\/\/bunker-datteln.de\/wp-content\/uploads\/2017\/04\/2010_018-1024x680.jpg\" alt=\"Bunkermuseum Datteln\" width=\"474\" height=\"315\" srcset=\"https:\/\/bunker-datteln.de\/wp-content\/uploads\/2017\/04\/2010_018-1024x680.jpg 1024w, https:\/\/bunker-datteln.de\/wp-content\/uploads\/2017\/04\/2010_018-300x199.jpg 300w, https:\/\/bunker-datteln.de\/wp-content\/uploads\/2017\/04\/2010_018-768x510.jpg 768w, https:\/\/bunker-datteln.de\/wp-content\/uploads\/2017\/04\/2010_018.jpg 1168w\" sizes=\"auto, (max-width: 474px) 100vw, 474px\" \/><\/a><figcaption id=\"caption-attachment-848\" class=\"wp-caption-text\">Begehung Bunker 2010<\/figcaption><\/figure>\n<figure id=\"attachment_649\" aria-describedby=\"caption-attachment-649\" style=\"width: 474px\" class=\"wp-caption aligncenter\"><a href=\"https:\/\/bunker-datteln.de\/wp-content\/uploads\/2017\/02\/2010_005.jpg\" rel=\"wpdevart_lightbox\"><img loading=\"lazy\" decoding=\"async\" class=\"size-large wp-image-649\" src=\"https:\/\/bunker-datteln.de\/wp-content\/uploads\/2017\/02\/2010_005-1024x768.jpg\" alt=\"Bunker 2010\" width=\"474\" height=\"356\" srcset=\"https:\/\/bunker-datteln.de\/wp-content\/uploads\/2017\/02\/2010_005-1024x768.jpg 1024w, https:\/\/bunker-datteln.de\/wp-content\/uploads\/2017\/02\/2010_005-300x225.jpg 300w, https:\/\/bunker-datteln.de\/wp-content\/uploads\/2017\/02\/2010_005-768x576.jpg 768w, https:\/\/bunker-datteln.de\/wp-content\/uploads\/2017\/02\/2010_005.jpg 1400w\" sizes=\"auto, (max-width: 474px) 100vw, 474px\" \/><\/a><figcaption id=\"caption-attachment-649\" class=\"wp-caption-text\">Ansicht vom Haupteingang<\/figcaption><\/figure>\n<figure id=\"attachment_650\" aria-describedby=\"caption-attachment-650\" style=\"width: 474px\" class=\"wp-caption aligncenter\"><a href=\"https:\/\/bunker-datteln.de\/wp-content\/uploads\/2017\/02\/2010_006.jpg\" rel=\"wpdevart_lightbox\"><img loading=\"lazy\" decoding=\"async\" class=\"size-large wp-image-650\" src=\"https:\/\/bunker-datteln.de\/wp-content\/uploads\/2017\/02\/2010_006-1024x768.jpg\" alt=\"Bunker 2010\" width=\"474\" height=\"356\" srcset=\"https:\/\/bunker-datteln.de\/wp-content\/uploads\/2017\/02\/2010_006-1024x768.jpg 1024w, https:\/\/bunker-datteln.de\/wp-content\/uploads\/2017\/02\/2010_006-300x225.jpg 300w, https:\/\/bunker-datteln.de\/wp-content\/uploads\/2017\/02\/2010_006-768x576.jpg 768w, https:\/\/bunker-datteln.de\/wp-content\/uploads\/2017\/02\/2010_006.jpg 1400w\" sizes=\"auto, (max-width: 474px) 100vw, 474px\" \/><\/a><figcaption id=\"caption-attachment-650\" class=\"wp-caption-text\">Haupteingang<\/figcaption><\/figure>\n<figure id=\"attachment_651\" aria-describedby=\"caption-attachment-651\" style=\"width: 474px\" class=\"wp-caption aligncenter\"><a href=\"https:\/\/bunker-datteln.de\/wp-content\/uploads\/2017\/02\/2010_007.jpg\" rel=\"wpdevart_lightbox\"><img loading=\"lazy\" decoding=\"async\" class=\"size-large wp-image-651\" src=\"https:\/\/bunker-datteln.de\/wp-content\/uploads\/2017\/02\/2010_007-1024x768.jpg\" alt=\"Bunker 2010\" width=\"474\" height=\"356\" srcset=\"https:\/\/bunker-datteln.de\/wp-content\/uploads\/2017\/02\/2010_007-1024x768.jpg 1024w, https:\/\/bunker-datteln.de\/wp-content\/uploads\/2017\/02\/2010_007-300x225.jpg 300w, https:\/\/bunker-datteln.de\/wp-content\/uploads\/2017\/02\/2010_007-768x576.jpg 768w, https:\/\/bunker-datteln.de\/wp-content\/uploads\/2017\/02\/2010_007.jpg 1400w\" sizes=\"auto, (max-width: 474px) 100vw, 474px\" \/><\/a><figcaption id=\"caption-attachment-651\" class=\"wp-caption-text\">Haupteingang<\/figcaption><\/figure>\n<figure id=\"attachment_652\" aria-describedby=\"caption-attachment-652\" style=\"width: 474px\" class=\"wp-caption aligncenter\"><a href=\"https:\/\/bunker-datteln.de\/wp-content\/uploads\/2017\/02\/2010_008.jpg\" rel=\"wpdevart_lightbox\"><img loading=\"lazy\" decoding=\"async\" class=\"size-large wp-image-652\" src=\"https:\/\/bunker-datteln.de\/wp-content\/uploads\/2017\/02\/2010_008-1024x768.jpg\" alt=\"Bunker 2010\" width=\"474\" height=\"356\" srcset=\"https:\/\/bunker-datteln.de\/wp-content\/uploads\/2017\/02\/2010_008-1024x768.jpg 1024w, https:\/\/bunker-datteln.de\/wp-content\/uploads\/2017\/02\/2010_008-300x225.jpg 300w, https:\/\/bunker-datteln.de\/wp-content\/uploads\/2017\/02\/2010_008-768x576.jpg 768w, https:\/\/bunker-datteln.de\/wp-content\/uploads\/2017\/02\/2010_008.jpg 1400w\" sizes=\"auto, (max-width: 474px) 100vw, 474px\" \/><\/a><figcaption id=\"caption-attachment-652\" class=\"wp-caption-text\">S\u00e4uberungsarbeiten<\/figcaption><\/figure>\n<figure id=\"attachment_654\" aria-describedby=\"caption-attachment-654\" style=\"width: 474px\" class=\"wp-caption aligncenter\"><a href=\"https:\/\/bunker-datteln.de\/wp-content\/uploads\/2017\/02\/2010_010.jpg\" rel=\"wpdevart_lightbox\"><img loading=\"lazy\" decoding=\"async\" class=\"size-large wp-image-654\" src=\"https:\/\/bunker-datteln.de\/wp-content\/uploads\/2017\/02\/2010_010-1024x768.jpg\" alt=\"Bunker 2010\" width=\"474\" height=\"356\" srcset=\"https:\/\/bunker-datteln.de\/wp-content\/uploads\/2017\/02\/2010_010-1024x768.jpg 1024w, https:\/\/bunker-datteln.de\/wp-content\/uploads\/2017\/02\/2010_010-300x225.jpg 300w, https:\/\/bunker-datteln.de\/wp-content\/uploads\/2017\/02\/2010_010-768x576.jpg 768w, https:\/\/bunker-datteln.de\/wp-content\/uploads\/2017\/02\/2010_010.jpg 1400w\" sizes=\"auto, (max-width: 474px) 100vw, 474px\" \/><\/a><figcaption id=\"caption-attachment-654\" class=\"wp-caption-text\">S\u00e4uberungsarbeiten<\/figcaption><\/figure>\n<figure id=\"attachment_653\" aria-describedby=\"caption-attachment-653\" style=\"width: 474px\" class=\"wp-caption aligncenter\"><a href=\"https:\/\/bunker-datteln.de\/wp-content\/uploads\/2017\/02\/2010_009.jpg\" rel=\"wpdevart_lightbox\"><img loading=\"lazy\" decoding=\"async\" class=\"size-large wp-image-653\" src=\"https:\/\/bunker-datteln.de\/wp-content\/uploads\/2017\/02\/2010_009-1024x768.jpg\" alt=\"Bunker 2010\" width=\"474\" height=\"356\" srcset=\"https:\/\/bunker-datteln.de\/wp-content\/uploads\/2017\/02\/2010_009-1024x768.jpg 1024w, https:\/\/bunker-datteln.de\/wp-content\/uploads\/2017\/02\/2010_009-300x225.jpg 300w, https:\/\/bunker-datteln.de\/wp-content\/uploads\/2017\/02\/2010_009-768x576.jpg 768w, https:\/\/bunker-datteln.de\/wp-content\/uploads\/2017\/02\/2010_009.jpg 1400w\" sizes=\"auto, (max-width: 474px) 100vw, 474px\" \/><\/a><figcaption id=\"caption-attachment-653\" class=\"wp-caption-text\">Ausbau transportieren \u00fcber dem \u00d6lm\u00fchlenbach<\/figcaption><\/figure>\n<figure id=\"attachment_655\" aria-describedby=\"caption-attachment-655\" style=\"width: 474px\" class=\"wp-caption aligncenter\"><a href=\"https:\/\/bunker-datteln.de\/wp-content\/uploads\/2017\/02\/2010_011.jpg\" rel=\"wpdevart_lightbox\"><img loading=\"lazy\" decoding=\"async\" class=\"size-large wp-image-655\" src=\"https:\/\/bunker-datteln.de\/wp-content\/uploads\/2017\/02\/2010_011-1024x768.jpg\" alt=\"Bunker 2010\" width=\"474\" height=\"356\" srcset=\"https:\/\/bunker-datteln.de\/wp-content\/uploads\/2017\/02\/2010_011-1024x768.jpg 1024w, https:\/\/bunker-datteln.de\/wp-content\/uploads\/2017\/02\/2010_011-300x225.jpg 300w, https:\/\/bunker-datteln.de\/wp-content\/uploads\/2017\/02\/2010_011-768x576.jpg 768w, https:\/\/bunker-datteln.de\/wp-content\/uploads\/2017\/02\/2010_011.jpg 1400w\" sizes=\"auto, (max-width: 474px) 100vw, 474px\" \/><\/a><figcaption id=\"caption-attachment-655\" class=\"wp-caption-text\">Haupteingang<\/figcaption><\/figure>\n<figure id=\"attachment_656\" aria-describedby=\"caption-attachment-656\" style=\"width: 474px\" class=\"wp-caption aligncenter\"><a href=\"https:\/\/bunker-datteln.de\/wp-content\/uploads\/2017\/02\/2010_012.jpg\" rel=\"wpdevart_lightbox\"><img loading=\"lazy\" decoding=\"async\" class=\"size-large wp-image-656\" src=\"https:\/\/bunker-datteln.de\/wp-content\/uploads\/2017\/02\/2010_012-1024x768.jpg\" alt=\"Bunker 2010\" width=\"474\" height=\"356\" srcset=\"https:\/\/bunker-datteln.de\/wp-content\/uploads\/2017\/02\/2010_012-1024x768.jpg 1024w, https:\/\/bunker-datteln.de\/wp-content\/uploads\/2017\/02\/2010_012-300x225.jpg 300w, https:\/\/bunker-datteln.de\/wp-content\/uploads\/2017\/02\/2010_012-768x576.jpg 768w, https:\/\/bunker-datteln.de\/wp-content\/uploads\/2017\/02\/2010_012.jpg 1400w\" sizes=\"auto, (max-width: 474px) 100vw, 474px\" \/><\/a><figcaption id=\"caption-attachment-656\" class=\"wp-caption-text\">Haupteingang<\/figcaption><\/figure>\n<figure id=\"attachment_657\" aria-describedby=\"caption-attachment-657\" style=\"width: 474px\" class=\"wp-caption aligncenter\"><a href=\"https:\/\/bunker-datteln.de\/wp-content\/uploads\/2017\/02\/2010_013.jpg\" rel=\"wpdevart_lightbox\"><img loading=\"lazy\" decoding=\"async\" class=\"size-large wp-image-657\" src=\"https:\/\/bunker-datteln.de\/wp-content\/uploads\/2017\/02\/2010_013-1024x768.jpg\" alt=\"Bunker 2010\" width=\"474\" height=\"356\" srcset=\"https:\/\/bunker-datteln.de\/wp-content\/uploads\/2017\/02\/2010_013-1024x768.jpg 1024w, https:\/\/bunker-datteln.de\/wp-content\/uploads\/2017\/02\/2010_013-300x225.jpg 300w, https:\/\/bunker-datteln.de\/wp-content\/uploads\/2017\/02\/2010_013-768x576.jpg 768w, https:\/\/bunker-datteln.de\/wp-content\/uploads\/2017\/02\/2010_013.jpg 1400w\" sizes=\"auto, (max-width: 474px) 100vw, 474px\" \/><\/a><figcaption id=\"caption-attachment-657\" class=\"wp-caption-text\">Stromgenerator am Haupteingang<\/figcaption><\/figure>\n<figure id=\"attachment_658\" aria-describedby=\"caption-attachment-658\" style=\"width: 474px\" class=\"wp-caption aligncenter\"><a href=\"https:\/\/bunker-datteln.de\/wp-content\/uploads\/2017\/02\/2010_014.jpg\" rel=\"wpdevart_lightbox\"><img loading=\"lazy\" decoding=\"async\" class=\"size-large wp-image-658\" src=\"https:\/\/bunker-datteln.de\/wp-content\/uploads\/2017\/02\/2010_014-1024x768.jpg\" alt=\"Bunker 2010\" width=\"474\" height=\"356\" srcset=\"https:\/\/bunker-datteln.de\/wp-content\/uploads\/2017\/02\/2010_014-1024x768.jpg 1024w, https:\/\/bunker-datteln.de\/wp-content\/uploads\/2017\/02\/2010_014-300x225.jpg 300w, https:\/\/bunker-datteln.de\/wp-content\/uploads\/2017\/02\/2010_014-768x576.jpg 768w, https:\/\/bunker-datteln.de\/wp-content\/uploads\/2017\/02\/2010_014.jpg 1400w\" sizes=\"auto, (max-width: 474px) 100vw, 474px\" \/><\/a><figcaption id=\"caption-attachment-658\" class=\"wp-caption-text\">Erste Kleine Bunkerparty Dez. 2010<\/figcaption><\/figure>\n","protected":false},"excerpt":{"rendered":"<p>&nbsp;<\/p>\n","protected":false},"author":1,"featured_media":845,"parent":68,"menu_order":31,"comment_status":"closed","ping_status":"closed","template":"","meta":{"footnotes":""},"class_list":["post-108","page","type-page","status-publish","has-post-thumbnail","hentry"],"_links":{"self":[{"href":"https:\/\/bunker-datteln.de\/index.php?rest_route=\/wp\/v2\/pages\/108","targetHints":{"allow":["GET"]}}],"collection":[{"href":"https:\/\/bunker-datteln.de\/index.php?rest_route=\/wp\/v2\/pages"}],"about":[{"href":"https:\/\/bunker-datteln.de\/index.php?rest_route=\/wp\/v2\/types\/page"}],"author":[{"embeddable":true,"href":"https:\/\/bunker-datteln.de\/index.php?rest_route=\/wp\/v2\/users\/1"}],"replies":[{"embeddable":true,"href":"https:\/\/bunker-datteln.de\/index.php?rest_route=%2Fwp%2Fv2%2Fcomments&post=108"}],"version-history":[{"count":4,"href":"https:\/\/bunker-datteln.de\/index.php?rest_route=\/wp\/v2\/pages\/108\/revisions"}],"predecessor-version":[{"id":849,"href":"https:\/\/bunker-datteln.de\/index.php?rest_route=\/wp\/v2\/pages\/108\/revisions\/849"}],"up":[{"embeddable":true,"href":"https:\/\/bunker-datteln.de\/index.php?rest_route=\/wp\/v2\/pages\/68"}],"wp:featuredmedia":[{"embeddable":true,"href":"https:\/\/bunker-datteln.de\/index.php?rest_route=\/wp\/v2\/media\/845"}],"wp:attachment":[{"href":"https:\/\/bunker-datteln.de\/index.php?rest_route=%2Fwp%2Fv2%2Fmedia&parent=108"}],"curies":[{"name":"wp","href":"https:\/\/api.w.org\/{rel}","templated":true}]}}